{"id":232,"date":"2024-09-03T19:29:41","date_gmt":"2024-09-03T17:29:41","guid":{"rendered":"http:\/\/budomainz06.bplaced.net\/\/?page_id=232"},"modified":"2024-09-03T21:00:53","modified_gmt":"2024-09-03T19:00:53","slug":"budo-club-mainz","status":"publish","type":"page","link":"https:\/\/www.budo-club-mainz06.de\/?page_id=232","title":{"rendered":"Verein"},"content":{"rendered":"<p><a href=\"https:\/\/budoclubmain06.bplaced.net\/\/wp-content\/uploads\/2010\/05\/logo.jpg\"><img loading=\"lazy\" decoding=\"async\" class=\"alignright size-medium wp-image-236\" title=\"logo\" src=\"https:\/\/budoclubmain06.bplaced.net\/\/wp-content\/uploads\/2010\/05\/logo-300x221.jpg\" alt=\"\" width=\"200\" height=\"148\" srcset=\"https:\/\/www.budo-club-mainz06.de\/wp-content\/uploads\/2010\/05\/logo-300x221.jpg 300w, https:\/\/www.budo-club-mainz06.de\/wp-content\/uploads\/2010\/05\/logo.jpg 626w\" sizes=\"auto, (max-width: 200px) 100vw, 200px\" \/><\/a>Der geb\u00fcrtige Italiener\u00a0 <strong>Pietro [1. Dan Ju Jutsu]<\/strong> und sein Bruder <strong>Francesco [4. Dan Ju Jutsu]<\/strong> betreiben diesen Sport bereits seit \u00fcber 35 Jahren. Dabei haben sie\u00a0 im Judo, Karate, Kickboxen und Ringen vielerlei Erfahrung gesammelt, wurden Rheinland-Pfalz- und Rheinhessenmeister &#8211; und haben in dieser Zeit nicht an Begeisterung f\u00fcr Ju Jutsu verloren!<\/p>\n<p>Beide legen in ihren Trainingseinheiten gro\u00dfen Wert auf sauber ausgef\u00fchrte Techniken, Dynamik bei deren Ausf\u00fchrung und regelm\u00e4\u00dfiges Konditionstraining.<\/p>\n<p>Derzeit trainieren wir in der Sporthalle der Eisgrubschule Mainz (Eisgrubweg 1, 55116 Mainz). Die Trainingszeiten sind unter den Rubriken &#8218;Erwachsene&#8216; und &#8218;Kinder &amp; Jugendliche&#8216; zu finden.<\/p>\n<p>Unser <strong>Jahresbeitrag <\/strong>bel\u00e4uft sich auf 135\u20ac [inklusive der Jahressichtmarke].<\/p>\n","protected":false},"excerpt":{"rendered":"<p>Der geb\u00fcrtige Italiener\u00a0 Pietro [1. Dan Ju Jutsu] und sein Bruder Francesco [4. Dan Ju Jutsu] betreiben diesen Sport bereits seit \u00fcber 35 Jahren. Dabei haben sie\u00a0 im Judo, Karate, Kickboxen und Ringen vielerlei Erfahrung gesammelt, wurden Rheinland-Pfalz- und Rheinhessenmeister &#8211; und haben in dieser Zeit nicht an Begeisterung f\u00fcr Ju Jutsu verloren! Beide legen [&hellip;]<\/p>\n","protected":false},"author":3,"featured_media":0,"parent":0,"menu_order":1,"comment_status":"closed","ping_status":"open","template":"","meta":{"footnotes":""},"class_list":["post-232","page","type-page","status-publish","hentry"],"yoast_head":"<!-- This site is optimized with the Yoast SEO plugin v27.3 - https:\/\/yoast.com\/product\/yoast-seo-wordpress\/ -->\n<title>Verein - Budo Club Mainz 06 e.V.<\/title>\n<meta name=\"description\" content=\"Ju-Jutsu Kampfsport Verein Mainz, Selbstverdeitigung, Judo, Karate, Kickboxen Ringen\" \/>\n<meta name=\"robots\" content=\"index, follow, max-snippet:-1, max-image-preview:large, max-video-preview:-1\" \/>\n<link rel=\"canonical\" href=\"https:\/\/www.budo-club-mainz06.de\/?page_id=232\" \/>\n<meta property=\"og:locale\" content=\"de_DE\" \/>\n<meta property=\"og:type\" content=\"article\" \/>\n<meta property=\"og:title\" content=\"Verein - Budo Club Mainz 06 e.V.\" \/>\n<meta property=\"og:description\" content=\"Ju-Jutsu Kampfsport Verein Mainz, Selbstverdeitigung, Judo, Karate, Kickboxen Ringen\" \/>\n<meta property=\"og:url\" content=\"https:\/\/www.budo-club-mainz06.de\/?page_id=232\" \/>\n<meta property=\"og:site_name\" content=\"Budo Club Mainz 06 e.V.\" \/>\n<meta property=\"article:modified_time\" content=\"2024-09-03T19:00:53+00:00\" \/>\n<meta property=\"og:image\" content=\"https:\/\/budoclubmain06.bplaced.net\/\/wp-content\/uploads\/2010\/05\/logo-300x221.jpg\" \/>\n<meta name=\"twitter:card\" content=\"summary_large_image\" \/>\n<meta name=\"twitter:label1\" content=\"Gesch\u00e4tzte Lesezeit\" \/>\n\t<meta name=\"twitter:data1\" content=\"1\u00a0Minute\" \/>\n<script type=\"application\/ld+json\" class=\"yoast-schema-graph\">{\"@context\":\"https:\\\/\\\/schema.org\",\"@graph\":[{\"@type\":[\"WebPage\",\"AboutPage\"],\"@id\":\"https:\\\/\\\/www.budo-club-mainz06.de\\\/?page_id=232\",\"url\":\"https:\\\/\\\/www.budo-club-mainz06.de\\\/?page_id=232\",\"name\":\"Verein - Budo Club Mainz 06 e.V.\",\"isPartOf\":{\"@id\":\"https:\\\/\\\/www.budo-club-mainz06.de\\\/#website\"},\"primaryImageOfPage\":{\"@id\":\"https:\\\/\\\/www.budo-club-mainz06.de\\\/?page_id=232#primaryimage\"},\"image\":{\"@id\":\"https:\\\/\\\/www.budo-club-mainz06.de\\\/?page_id=232#primaryimage\"},\"thumbnailUrl\":\"https:\\\/\\\/budoclubmain06.bplaced.net\\\/\\\/wp-content\\\/uploads\\\/2010\\\/05\\\/logo-300x221.jpg\",\"datePublished\":\"2024-09-03T17:29:41+00:00\",\"dateModified\":\"2024-09-03T19:00:53+00:00\",\"description\":\"Ju-Jutsu Kampfsport Verein Mainz, Selbstverdeitigung, Judo, Karate, Kickboxen Ringen\",\"breadcrumb\":{\"@id\":\"https:\\\/\\\/www.budo-club-mainz06.de\\\/?page_id=232#breadcrumb\"},\"inLanguage\":\"de\",\"potentialAction\":[{\"@type\":\"ReadAction\",\"target\":[\"https:\\\/\\\/www.budo-club-mainz06.de\\\/?page_id=232\"]}]},{\"@type\":\"ImageObject\",\"inLanguage\":\"de\",\"@id\":\"https:\\\/\\\/www.budo-club-mainz06.de\\\/?page_id=232#primaryimage\",\"url\":\"https:\\\/\\\/budoclubmain06.bplaced.net\\\/\\\/wp-content\\\/uploads\\\/2010\\\/05\\\/logo-300x221.jpg\",\"contentUrl\":\"https:\\\/\\\/budoclubmain06.bplaced.net\\\/\\\/wp-content\\\/uploads\\\/2010\\\/05\\\/logo-300x221.jpg\"},{\"@type\":\"BreadcrumbList\",\"@id\":\"https:\\\/\\\/www.budo-club-mainz06.de\\\/?page_id=232#breadcrumb\",\"itemListElement\":[{\"@type\":\"ListItem\",\"position\":1,\"name\":\"Startseite\",\"item\":\"https:\\\/\\\/www.budo-club-mainz06.de\\\/\"},{\"@type\":\"ListItem\",\"position\":2,\"name\":\"Verein\"}]},{\"@type\":\"WebSite\",\"@id\":\"https:\\\/\\\/www.budo-club-mainz06.de\\\/#website\",\"url\":\"https:\\\/\\\/www.budo-club-mainz06.de\\\/\",\"name\":\"Budo Club Mainz 06\",\"description\":\"Ju-Jutsu Kampfsport und Selbstverteidigung in Mainz\",\"potentialAction\":[{\"@type\":\"SearchAction\",\"target\":{\"@type\":\"EntryPoint\",\"urlTemplate\":\"https:\\\/\\\/www.budo-club-mainz06.de\\\/?s={search_term_string}\"},\"query-input\":{\"@type\":\"PropertyValueSpecification\",\"valueRequired\":true,\"valueName\":\"search_term_string\"}}],\"inLanguage\":\"de\"}]}<\/script>\n<!-- \/ Yoast SEO plugin. -->","yoast_head_json":{"title":"Verein - Budo Club Mainz 06 e.V.","description":"Ju-Jutsu Kampfsport Verein Mainz, Selbstverdeitigung, Judo, Karate, Kickboxen Ringen","robots":{"index":"index","follow":"follow","max-snippet":"max-snippet:-1","max-image-preview":"max-image-preview:large","max-video-preview":"max-video-preview:-1"},"canonical":"https:\/\/www.budo-club-mainz06.de\/?page_id=232","og_locale":"de_DE","og_type":"article","og_title":"Verein - Budo Club Mainz 06 e.V.","og_description":"Ju-Jutsu Kampfsport Verein Mainz, Selbstverdeitigung, Judo, Karate, Kickboxen Ringen","og_url":"https:\/\/www.budo-club-mainz06.de\/?page_id=232","og_site_name":"Budo Club Mainz 06 e.V.","article_modified_time":"2024-09-03T19:00:53+00:00","og_image":[{"url":"https:\/\/budoclubmain06.bplaced.net\/\/wp-content\/uploads\/2010\/05\/logo-300x221.jpg","type":"","width":"","height":""}],"twitter_card":"summary_large_image","twitter_misc":{"Gesch\u00e4tzte Lesezeit":"1\u00a0Minute"},"schema":{"@context":"https:\/\/schema.org","@graph":[{"@type":["WebPage","AboutPage"],"@id":"https:\/\/www.budo-club-mainz06.de\/?page_id=232","url":"https:\/\/www.budo-club-mainz06.de\/?page_id=232","name":"Verein - Budo Club Mainz 06 e.V.","isPartOf":{"@id":"https:\/\/www.budo-club-mainz06.de\/#website"},"primaryImageOfPage":{"@id":"https:\/\/www.budo-club-mainz06.de\/?page_id=232#primaryimage"},"image":{"@id":"https:\/\/www.budo-club-mainz06.de\/?page_id=232#primaryimage"},"thumbnailUrl":"https:\/\/budoclubmain06.bplaced.net\/\/wp-content\/uploads\/2010\/05\/logo-300x221.jpg","datePublished":"2024-09-03T17:29:41+00:00","dateModified":"2024-09-03T19:00:53+00:00","description":"Ju-Jutsu Kampfsport Verein Mainz, Selbstverdeitigung, Judo, Karate, Kickboxen Ringen","breadcrumb":{"@id":"https:\/\/www.budo-club-mainz06.de\/?page_id=232#breadcrumb"},"inLanguage":"de","potentialAction":[{"@type":"ReadAction","target":["https:\/\/www.budo-club-mainz06.de\/?page_id=232"]}]},{"@type":"ImageObject","inLanguage":"de","@id":"https:\/\/www.budo-club-mainz06.de\/?page_id=232#primaryimage","url":"https:\/\/budoclubmain06.bplaced.net\/\/wp-content\/uploads\/2010\/05\/logo-300x221.jpg","contentUrl":"https:\/\/budoclubmain06.bplaced.net\/\/wp-content\/uploads\/2010\/05\/logo-300x221.jpg"},{"@type":"BreadcrumbList","@id":"https:\/\/www.budo-club-mainz06.de\/?page_id=232#breadcrumb","itemListElement":[{"@type":"ListItem","position":1,"name":"Startseite","item":"https:\/\/www.budo-club-mainz06.de\/"},{"@type":"ListItem","position":2,"name":"Verein"}]},{"@type":"WebSite","@id":"https:\/\/www.budo-club-mainz06.de\/#website","url":"https:\/\/www.budo-club-mainz06.de\/","name":"Budo Club Mainz 06","description":"Ju-Jutsu Kampfsport und Selbstverteidigung in Mainz","potentialAction":[{"@type":"SearchAction","target":{"@type":"EntryPoint","urlTemplate":"https:\/\/www.budo-club-mainz06.de\/?s={search_term_string}"},"query-input":{"@type":"PropertyValueSpecification","valueRequired":true,"valueName":"search_term_string"}}],"inLanguage":"de"}]}},"_links":{"self":[{"href":"https:\/\/www.budo-club-mainz06.de\/index.php?rest_route=\/wp\/v2\/pages\/232","targetHints":{"allow":["GET"]}}],"collection":[{"href":"https:\/\/www.budo-club-mainz06.de\/index.php?rest_route=\/wp\/v2\/pages"}],"about":[{"href":"https:\/\/www.budo-club-mainz06.de\/index.php?rest_route=\/wp\/v2\/types\/page"}],"author":[{"embeddable":true,"href":"https:\/\/www.budo-club-mainz06.de\/index.php?rest_route=\/wp\/v2\/users\/3"}],"replies":[{"embeddable":true,"href":"https:\/\/www.budo-club-mainz06.de\/index.php?rest_route=%2Fwp%2Fv2%2Fcomments&post=232"}],"version-history":[{"count":18,"href":"https:\/\/www.budo-club-mainz06.de\/index.php?rest_route=\/wp\/v2\/pages\/232\/revisions"}],"predecessor-version":[{"id":575,"href":"https:\/\/www.budo-club-mainz06.de\/index.php?rest_route=\/wp\/v2\/pages\/232\/revisions\/575"}],"wp:attachment":[{"href":"https:\/\/www.budo-club-mainz06.de\/index.php?rest_route=%2Fwp%2Fv2%2Fmedia&parent=232"}],"curies":[{"name":"wp","href":"https:\/\/api.w.org\/{rel}","templated":true}]}}