{"id":12,"date":"2024-09-03T19:26:31","date_gmt":"2024-09-03T17:26:31","guid":{"rendered":"http:\/\/budomainz06.bplaced.net\/\/?page_id=12"},"modified":"2024-09-03T19:28:02","modified_gmt":"2024-09-03T17:28:02","slug":"impressum","status":"publish","type":"page","link":"https:\/\/www.budo-club-mainz06.de\/?page_id=12","title":{"rendered":"Impressum"},"content":{"rendered":"\n<p>Budo Club Mainz 06 e. V.<br>Jakob-Laubach-Str 38<br>55130 Mainz<\/p>\n\n\n\n<h2 class=\"wp-block-heading\">Vertreten durch:<\/h2>\n\n\n\n<p>Luis Soeiro<br>Jakob-Laubach-Str 38<br>55130 Mainz<\/p>\n\n\n\n<h2 class=\"wp-block-heading\">Kontakt:<\/h2>\n\n\n\n<p>Webmaster (bei Fragen, technischen Problemen und Anregungen): <a href=\"mailto:admin@budo-club-mainz06.de\">E-Mail<\/a><\/p>\n\n\n\n<h2 class=\"wp-block-heading\">Registereintrag:<\/h2>\n\n\n\n<p>Eintragung im Vereinsregister.<br>Registergericht: Mainz<br>Registernummer: 40094<\/p>\n\n\n\n<h2 class=\"wp-block-heading\">Haftungsausschluss:<\/h2>\n\n\n\n<p><strong>Haftung f\u00fcr Inhalte<\/strong><\/p>\n\n\n\n<p>Die Inhalte unserer Seiten wurden mit gr\u00f6\u00dfter Sorgfalt erstellt.        F\u00fcr die Richtigkeit, Vollst\u00e4ndigkeit und Aktualit\u00e4t der Inhalte        k\u00f6nnen wir jedoch keine Gew\u00e4hr \u00fcbernehmen. Als Diensteanbieter sind wir gem\u00e4\u00df \u00a7 7 Abs.1 TMG f\u00fcr        eigene Inhalte auf diesen Seiten nach den allgemeinen Gesetzen verantwortlich.        Nach \u00a7\u00a7 8 bis 10 TMG sind wir als Diensteanbieter jedoch nicht        verpflichtet, \u00fcbermittelte oder gespeicherte fremde Informationen zu        \u00fcberwachen oder nach Umst\u00e4nden zu forschen, die auf eine rechtswidrige        T\u00e4tigkeit hinweisen. Verpflichtungen zur Entfernung oder Sperrung der        Nutzung von Informationen nach den allgemeinen Gesetzen bleiben hiervon        unber\u00fchrt. Eine diesbez\u00fcgliche Haftung ist jedoch erst ab dem        Zeitpunkt der Kenntnis einer konkreten Rechtsverletzung m\u00f6glich. Bei        Bekanntwerden von entsprechenden Rechtsverletzungen werden wir diese Inhalte        umgehend entfernen.<\/p>\n\n\n\n<p><strong>Haftung f\u00fcr Links<\/strong><\/p>\n\n\n\n<p>Unser Angebot enth\u00e4lt Links zu externen Webseiten Dritter, auf deren        Inhalte wir keinen Einfluss haben. Deshalb k\u00f6nnen wir f\u00fcr diese        fremden Inhalte auch keine Gew\u00e4hr \u00fcbernehmen. F\u00fcr die Inhalte        der verlinkten Seiten ist stets der jeweilige Anbieter oder Betreiber der        Seiten verantwortlich. Die verlinkten Seiten wurden zum Zeitpunkt der Verlinkung        auf m\u00f6gliche Rechtsverst\u00f6\u00dfe \u00fcberpr\u00fcft. Rechtswidrige        Inhalte waren zum Zeitpunkt der Verlinkung nicht erkennbar. Eine permanente        inhaltliche Kontrolle der verlinkten Seiten ist jedoch ohne konkrete Anhaltspunkte        einer Rechtsverletzung nicht zumutbar. Bei Bekanntwerden von Rechtsverletzungen        werden wir derartige Links umgehend entfernen.<\/p>\n\n\n\n<p><strong>Urheberrecht<\/strong><\/p>\n\n\n\n<p>Die durch die Seitenbetreiber erstellten Inhalte und Werke auf diesen Seiten unterliegen dem deutschen Urheberrecht. Die Vervielf\u00e4ltigung, Bearbeitung, Verbreitung und jede Art der Verwertung au\u00dferhalb der Grenzen des Urheberrechtes bed\u00fcrfen der schriftlichen Zustimmung des jeweiligen Autors bzw. Erstellers. Downloads und Kopien dieser Seite sind nur f\u00fcr den privaten, nicht kommerziellen Gebrauch gestattet. Soweit die Inhalte auf dieser Seite nicht vom Betreiber erstellt wurden, werden die Urheberrechte Dritter beachtet. Insbesondere werden Inhalte Dritter als solche gekennzeichnet. Sollten Sie trotzdem auf eine Urheberrechtsverletzung aufmerksam werden, bitten wir um einen entsprechenden Hinweis. Bei Bekanntwerden von Rechtsverletzungen werden wir derartige Inhalte umgehend entfernen.<\/p>\n\n\n\n<p>WordPress ist freie Software und unter der General Public Licence (GLU) lizensiert.<\/p>\n\n\n\n<p>Das verwendete Theme basiert auf Blueblog 1.02 von ThemePorter (<a title=\"Theme Porter\" href=\"http:\/\/www.themeporter.com\/\" target=\"_blank\" rel=\"noopener\">http:\/\/www.themeporter.com\/<\/a>)<\/p>\n\n\n\n<p>Die Galerie wird unterst\u00fctzt durch das Tool <a title=\"Link zur Seite\" href=\"http:\/\/www.huddletogether.com\/projects\/lightbox2\/\" target=\"_blank\" rel=\"noopener\">LightBox2<\/a> von Lokesh Dhakar.<\/p>\n\n\n\n<p><strong>Datenschutz<\/strong><\/p>\n\n\n\n<p>Die Nutzung unserer Webseite ist in der Regel ohne Angabe personenbezogener Daten m\u00f6glich. Soweit auf unseren Seiten personenbezogene Daten (beispielsweise Name, Anschrift oder eMail-Adressen) erhoben werden, erfolgt dies, soweit m\u00f6glich, stets auf freiwilliger Basis. Diese Daten werden ohne Ihre ausdr\u00fcckliche Zustimmung nicht an Dritte weitergegeben.<\/p>\n\n\n\n<p>Wir weisen darauf hin, dass die Daten\u00fcbertragung im Internet (z.B.        bei der Kommunikation per E-Mail) Sicherheitsl\u00fccken aufweisen kann.        Ein l\u00fcckenloser Schutz der Daten vor dem Zugriff durch Dritte ist nicht        m\u00f6glich.<\/p>\n\n\n\n<p>Der Nutzung von im Rahmen der Impressumspflicht ver\u00f6ffentlichten Kontaktdaten        durch Dritte zur \u00dcbersendung von nicht ausdr\u00fccklich angeforderter        Werbung und Informationsmaterialien wird hiermit ausdr\u00fccklich widersprochen.        Die Betreiber der Seiten behalten sich ausdr\u00fccklich rechtliche Schritte        im Falle der unverlangten Zusendung von Werbeinformationen, etwa durch Spam-Mails,        vor.<\/p>\n","protected":false},"excerpt":{"rendered":"<p>Budo Club Mainz 06 e. V.Jakob-Laubach-Str 3855130 Mainz Vertreten durch: Luis SoeiroJakob-Laubach-Str 3855130 Mainz Kontakt: Webmaster (bei Fragen, technischen Problemen und Anregungen): E-Mail Registereintrag: Eintragung im Vereinsregister.Registergericht: MainzRegisternummer: 40094 Haftungsausschluss: Haftung f\u00fcr Inhalte Die Inhalte unserer Seiten wurden mit gr\u00f6\u00dfter Sorgfalt erstellt. F\u00fcr die Richtigkeit, Vollst\u00e4ndigkeit und Aktualit\u00e4t der Inhalte k\u00f6nnen wir jedoch keine Gew\u00e4hr [&hellip;]<\/p>\n","protected":false},"author":3,"featured_media":0,"parent":0,"menu_order":7,"comment_status":"closed","ping_status":"closed","template":"","meta":{"footnotes":""},"class_list":["post-12","page","type-page","status-publish","hentry"],"yoast_head":"<!-- This site is optimized with the Yoast SEO plugin v27.3 - https:\/\/yoast.com\/product\/yoast-seo-wordpress\/ -->\n<title>Impressum - Budo Club Mainz 06 e.V.<\/title>\n<meta name=\"robots\" content=\"index, follow, max-snippet:-1, max-image-preview:large, max-video-preview:-1\" \/>\n<link rel=\"canonical\" href=\"https:\/\/www.budo-club-mainz06.de\/?page_id=12\" \/>\n<meta property=\"og:locale\" content=\"de_DE\" \/>\n<meta property=\"og:type\" content=\"article\" \/>\n<meta property=\"og:title\" content=\"Impressum - Budo Club Mainz 06 e.V.\" \/>\n<meta property=\"og:description\" content=\"Budo Club Mainz 06 e. V.Jakob-Laubach-Str 3855130 Mainz Vertreten durch: Luis SoeiroJakob-Laubach-Str 3855130 Mainz Kontakt: Webmaster (bei Fragen, technischen Problemen und Anregungen): E-Mail Registereintrag: Eintragung im Vereinsregister.Registergericht: MainzRegisternummer: 40094 Haftungsausschluss: Haftung f\u00fcr Inhalte Die Inhalte unserer Seiten wurden mit gr\u00f6\u00dfter Sorgfalt erstellt. F\u00fcr die Richtigkeit, Vollst\u00e4ndigkeit und Aktualit\u00e4t der Inhalte k\u00f6nnen wir jedoch keine Gew\u00e4hr [&hellip;]\" \/>\n<meta property=\"og:url\" content=\"https:\/\/www.budo-club-mainz06.de\/?page_id=12\" \/>\n<meta property=\"og:site_name\" content=\"Budo Club Mainz 06 e.V.\" \/>\n<meta property=\"article:modified_time\" content=\"2024-09-03T17:28:02+00:00\" \/>\n<meta name=\"twitter:card\" content=\"summary_large_image\" \/>\n<meta name=\"twitter:label1\" content=\"Gesch\u00e4tzte Lesezeit\" \/>\n\t<meta name=\"twitter:data1\" content=\"3\u00a0Minuten\" \/>\n<script type=\"application\/ld+json\" class=\"yoast-schema-graph\">{\"@context\":\"https:\\\/\\\/schema.org\",\"@graph\":[{\"@type\":\"WebPage\",\"@id\":\"https:\\\/\\\/www.budo-club-mainz06.de\\\/?page_id=12\",\"url\":\"https:\\\/\\\/www.budo-club-mainz06.de\\\/?page_id=12\",\"name\":\"Impressum - Budo Club Mainz 06 e.V.\",\"isPartOf\":{\"@id\":\"https:\\\/\\\/www.budo-club-mainz06.de\\\/#website\"},\"datePublished\":\"2024-09-03T17:26:31+00:00\",\"dateModified\":\"2024-09-03T17:28:02+00:00\",\"breadcrumb\":{\"@id\":\"https:\\\/\\\/www.budo-club-mainz06.de\\\/?page_id=12#breadcrumb\"},\"inLanguage\":\"de\",\"potentialAction\":[{\"@type\":\"ReadAction\",\"target\":[\"https:\\\/\\\/www.budo-club-mainz06.de\\\/?page_id=12\"]}]},{\"@type\":\"BreadcrumbList\",\"@id\":\"https:\\\/\\\/www.budo-club-mainz06.de\\\/?page_id=12#breadcrumb\",\"itemListElement\":[{\"@type\":\"ListItem\",\"position\":1,\"name\":\"Startseite\",\"item\":\"https:\\\/\\\/www.budo-club-mainz06.de\\\/\"},{\"@type\":\"ListItem\",\"position\":2,\"name\":\"Impressum\"}]},{\"@type\":\"WebSite\",\"@id\":\"https:\\\/\\\/www.budo-club-mainz06.de\\\/#website\",\"url\":\"https:\\\/\\\/www.budo-club-mainz06.de\\\/\",\"name\":\"Budo Club Mainz 06\",\"description\":\"Ju-Jutsu Kampfsport und Selbstverteidigung in Mainz\",\"potentialAction\":[{\"@type\":\"SearchAction\",\"target\":{\"@type\":\"EntryPoint\",\"urlTemplate\":\"https:\\\/\\\/www.budo-club-mainz06.de\\\/?s={search_term_string}\"},\"query-input\":{\"@type\":\"PropertyValueSpecification\",\"valueRequired\":true,\"valueName\":\"search_term_string\"}}],\"inLanguage\":\"de\"}]}<\/script>\n<!-- \/ Yoast SEO plugin. -->","yoast_head_json":{"title":"Impressum - Budo Club Mainz 06 e.V.","robots":{"index":"index","follow":"follow","max-snippet":"max-snippet:-1","max-image-preview":"max-image-preview:large","max-video-preview":"max-video-preview:-1"},"canonical":"https:\/\/www.budo-club-mainz06.de\/?page_id=12","og_locale":"de_DE","og_type":"article","og_title":"Impressum - Budo Club Mainz 06 e.V.","og_description":"Budo Club Mainz 06 e. V.Jakob-Laubach-Str 3855130 Mainz Vertreten durch: Luis SoeiroJakob-Laubach-Str 3855130 Mainz Kontakt: Webmaster (bei Fragen, technischen Problemen und Anregungen): E-Mail Registereintrag: Eintragung im Vereinsregister.Registergericht: MainzRegisternummer: 40094 Haftungsausschluss: Haftung f\u00fcr Inhalte Die Inhalte unserer Seiten wurden mit gr\u00f6\u00dfter Sorgfalt erstellt. F\u00fcr die Richtigkeit, Vollst\u00e4ndigkeit und Aktualit\u00e4t der Inhalte k\u00f6nnen wir jedoch keine Gew\u00e4hr [&hellip;]","og_url":"https:\/\/www.budo-club-mainz06.de\/?page_id=12","og_site_name":"Budo Club Mainz 06 e.V.","article_modified_time":"2024-09-03T17:28:02+00:00","twitter_card":"summary_large_image","twitter_misc":{"Gesch\u00e4tzte Lesezeit":"3\u00a0Minuten"},"schema":{"@context":"https:\/\/schema.org","@graph":[{"@type":"WebPage","@id":"https:\/\/www.budo-club-mainz06.de\/?page_id=12","url":"https:\/\/www.budo-club-mainz06.de\/?page_id=12","name":"Impressum - Budo Club Mainz 06 e.V.","isPartOf":{"@id":"https:\/\/www.budo-club-mainz06.de\/#website"},"datePublished":"2024-09-03T17:26:31+00:00","dateModified":"2024-09-03T17:28:02+00:00","breadcrumb":{"@id":"https:\/\/www.budo-club-mainz06.de\/?page_id=12#breadcrumb"},"inLanguage":"de","potentialAction":[{"@type":"ReadAction","target":["https:\/\/www.budo-club-mainz06.de\/?page_id=12"]}]},{"@type":"BreadcrumbList","@id":"https:\/\/www.budo-club-mainz06.de\/?page_id=12#breadcrumb","itemListElement":[{"@type":"ListItem","position":1,"name":"Startseite","item":"https:\/\/www.budo-club-mainz06.de\/"},{"@type":"ListItem","position":2,"name":"Impressum"}]},{"@type":"WebSite","@id":"https:\/\/www.budo-club-mainz06.de\/#website","url":"https:\/\/www.budo-club-mainz06.de\/","name":"Budo Club Mainz 06","description":"Ju-Jutsu Kampfsport und Selbstverteidigung in Mainz","potentialAction":[{"@type":"SearchAction","target":{"@type":"EntryPoint","urlTemplate":"https:\/\/www.budo-club-mainz06.de\/?s={search_term_string}"},"query-input":{"@type":"PropertyValueSpecification","valueRequired":true,"valueName":"search_term_string"}}],"inLanguage":"de"}]}},"_links":{"self":[{"href":"https:\/\/www.budo-club-mainz06.de\/index.php?rest_route=\/wp\/v2\/pages\/12","targetHints":{"allow":["GET"]}}],"collection":[{"href":"https:\/\/www.budo-club-mainz06.de\/index.php?rest_route=\/wp\/v2\/pages"}],"about":[{"href":"https:\/\/www.budo-club-mainz06.de\/index.php?rest_route=\/wp\/v2\/types\/page"}],"author":[{"embeddable":true,"href":"https:\/\/www.budo-club-mainz06.de\/index.php?rest_route=\/wp\/v2\/users\/3"}],"replies":[{"embeddable":true,"href":"https:\/\/www.budo-club-mainz06.de\/index.php?rest_route=%2Fwp%2Fv2%2Fcomments&post=12"}],"version-history":[{"count":11,"href":"https:\/\/www.budo-club-mainz06.de\/index.php?rest_route=\/wp\/v2\/pages\/12\/revisions"}],"predecessor-version":[{"id":535,"href":"https:\/\/www.budo-club-mainz06.de\/index.php?rest_route=\/wp\/v2\/pages\/12\/revisions\/535"}],"wp:attachment":[{"href":"https:\/\/www.budo-club-mainz06.de\/index.php?rest_route=%2Fwp%2Fv2%2Fmedia&parent=12"}],"curies":[{"name":"wp","href":"https:\/\/api.w.org\/{rel}","templated":true}]}}